{"id":813,"date":"2021-09-27T16:10:40","date_gmt":"2021-09-27T20:10:40","guid":{"rendered":"https:\/\/imusici.com\/jean-francois-rivest\/"},"modified":"2024-06-17T15:00:46","modified_gmt":"2024-06-17T19:00:46","slug":"jean-francois-rivest","status":"publish","type":"page","link":"https:\/\/imusici.com\/en\/jean-francois-rivest\/","title":{"rendered":"Jean-Fran\u00e7ois Rivest"},"content":{"rendered":"<div  class=\"tatsu-Sy2jwm8B0 tatsu-section  tatsu-section-custom-height tatsu-bg-overlay tatsu-hide-mobile   tatsu-clearfix\" data-title=\"Bandeau ordinateur\"  data-headerscheme=\"background--dark\"><div class = \"tatsu-custom-height-wrap\"><div class='tatsu-section-pad clearfix' data-padding='{\"d\":\"90px 0px 0px 0px\"}' data-padding-top='90px'><div class=\"tatsu-row-wrap  tatsu-row-full-width tatsu-row-one-col tatsu-row-has-one-cols tatsu-medium-gutter tatsu-reg-cols  tatsu-clearfix tatsu-Bkg3jwQIBR\" ><style>.tatsu-Bkg3jwQIBR.tatsu-row-wrap > .tatsu-row{padding: 25px 25px 25px 25px;background-color: rgba(255,255,255,1);}<\/style><div  class=\"tatsu-row \" ><div  class=\"tatsu-column  tatsu-bg-overlay tatsu-one-col tatsu-column-image-none tatsu-column-effect-none  tatsu-rJWnowQ8SA\"  data-parallax-speed=\"0\" style=\"\"><div class=\"tatsu-column-inner \" ><div class=\"tatsu-column-pad-wrap\"><div class=\"tatsu-column-pad\" ><div  class=\"tatsu-module tatsu-text-block-wrap tatsu-H1M3iv7IBC  \"><div class=\"tatsu-text-inner tatsu-align-center  clearfix\" ><style>.tatsu-H1M3iv7IBC.tatsu-text-block-wrap .tatsu-text-inner{width: 100%;text-align: left;}.tatsu-H1M3iv7IBC.tatsu-text-block-wrap .tatsu-text-inner *{}<\/style>\n<h2>Jean-Fran\u00e7ois Rivest<\/h2>\n<\/div><\/div><\/div><\/div><div class = \"tatsu-column-bg-image-wrap\"><div class = \"tatsu-column-bg-image\" ><\/div><\/div><div class=\"tatsu-overlay tatsu-column-overlay tatsu-animate-none\" ><\/div><\/div><style>.tatsu-row > .tatsu-rJWnowQ8SA.tatsu-column{width: 100%;}.tatsu-rJWnowQ8SA.tatsu-column > .tatsu-column-inner > .tatsu-column-overlay{mix-blend-mode: normal;}.tatsu-rJWnowQ8SA > .tatsu-column-inner > .tatsu-top-divider{z-index: 9999;}.tatsu-rJWnowQ8SA > .tatsu-column-inner > .tatsu-bottom-divider{z-index: 9999;}.tatsu-rJWnowQ8SA > .tatsu-column-inner > .tatsu-left-divider{z-index: 9999;}.tatsu-rJWnowQ8SA > .tatsu-column-inner > .tatsu-right-divider{z-index: 9999;}@media only screen and (max-width:1377px) {.tatsu-row > .tatsu-rJWnowQ8SA.tatsu-column{width: 100%;}}@media only screen and (min-width:768px) and (max-width: 1024px) {.tatsu-row > .tatsu-rJWnowQ8SA.tatsu-column{width: 100%;}}@media only screen and (max-width: 767px) {.tatsu-row > .tatsu-rJWnowQ8SA.tatsu-column{width: 100%;}}<\/style><\/div><\/div><\/div><\/div><div class=\"tatsu-section-background-wrap\"><div class = \"tatsu-section-background\" ><\/div><\/div><div class=\"tatsu-overlay tatsu-section-overlay\"><\/div><\/div><style>.tatsu-Sy2jwm8B0 .tatsu-section-background{background-image: url(https:\/\/imusici.com\/wp-content\/uploads\/2024\/06\/I-Musici_Rysanov-1.jpg);background-repeat: no-repeat;background-attachment: scroll;background-position: top left;background-size: cover;}.tatsu-Sy2jwm8B0 .tatsu-bg-blur{background-repeat: no-repeat;background-attachment: scroll;background-position: top left;background-size: cover;}.tatsu-Sy2jwm8B0 .tatsu-section-pad{padding: 90px 0px 0px 0px;}.tatsu-Sy2jwm8B0 .tatsu-section-offset-wrap{transform: translateY(-0px);}.tatsu-Sy2jwm8B0 > .tatsu-bottom-divider{z-index: 9999;}.tatsu-Sy2jwm8B0 > .tatsu-top-divider{z-index: 9999;}.tatsu-Sy2jwm8B0 .tatsu-section-overlay{mix-blend-mode: normal;}.tatsu-Sy2jwm8B0 .tatsu-custom-height-wrap{align-items: flex-end;min-height: 85vh;}<\/style><\/div><div  class=\"tatsu-Byvnw7UrR tatsu-section  tatsu-section-custom-height tatsu-bg-overlay tatsu-hide-desktop tatsu-hide-laptop tatsu-hide-tablet   tatsu-clearfix\" data-title=\"Bandeau mobile\"  data-headerscheme=\"background--dark\"><div class = \"tatsu-custom-height-wrap\"><div class='tatsu-section-pad clearfix' data-padding='{\"d\":\"90px 0px 0px 0px\"}' data-padding-top='90px'><div class=\"tatsu-row-wrap  tatsu-row-full-width tatsu-row-one-col tatsu-row-has-one-cols tatsu-medium-gutter tatsu-reg-cols  tatsu-clearfix tatsu-SJlDnPX8H0\" ><style>.tatsu-SJlDnPX8H0.tatsu-row-wrap > .tatsu-row{padding: 25px 25px 25px 25px;background-color: rgba(255,255,255,1);}<\/style><div  class=\"tatsu-row \" ><div  class=\"tatsu-column  tatsu-bg-overlay tatsu-one-col tatsu-column-image-none tatsu-column-effect-none  tatsu-By-D3v7UB0\"  data-parallax-speed=\"0\" style=\"\"><div class=\"tatsu-column-inner \" ><div class=\"tatsu-column-pad-wrap\"><div class=\"tatsu-column-pad\" ><div  class=\"tatsu-module tatsu-text-block-wrap tatsu-SkGwnDX8BA  \"><div class=\"tatsu-text-inner tatsu-align-center  clearfix\" ><style>.tatsu-SkGwnDX8BA.tatsu-text-block-wrap .tatsu-text-inner{width: 100%;text-align: left;}.tatsu-SkGwnDX8BA.tatsu-text-block-wrap .tatsu-text-inner *{}@media only screen and (max-width: 767px) {.tatsu-SkGwnDX8BA.tatsu-text-block-wrap{margin: 0px 0px 15px 0px;}}<\/style>\n<h2>Jean-Fran\u00e7ois Rivest<\/h2>\n<\/div><\/div><\/div><\/div><div class = \"tatsu-column-bg-image-wrap\"><div class = \"tatsu-column-bg-image\" ><\/div><\/div><div class=\"tatsu-overlay tatsu-column-overlay tatsu-animate-none\" ><\/div><\/div><style>.tatsu-row > .tatsu-By-D3v7UB0.tatsu-column{width: 100%;}.tatsu-By-D3v7UB0.tatsu-column > .tatsu-column-inner > .tatsu-column-overlay{mix-blend-mode: normal;}.tatsu-By-D3v7UB0 > .tatsu-column-inner > .tatsu-top-divider{z-index: 9999;}.tatsu-By-D3v7UB0 > .tatsu-column-inner > .tatsu-bottom-divider{z-index: 9999;}.tatsu-By-D3v7UB0 > .tatsu-column-inner > .tatsu-left-divider{z-index: 9999;}.tatsu-By-D3v7UB0 > .tatsu-column-inner > .tatsu-right-divider{z-index: 9999;}@media only screen and (max-width:1377px) {.tatsu-row > .tatsu-By-D3v7UB0.tatsu-column{width: 100%;}}@media only screen and (min-width:768px) and (max-width: 1024px) {.tatsu-row > .tatsu-By-D3v7UB0.tatsu-column{width: 100%;}}@media only screen and (max-width: 767px) {.tatsu-row > .tatsu-By-D3v7UB0.tatsu-column{width: 100%;}.tatsu-By-D3v7UB0.tatsu-column{margin: 0 0 0px 0 !important;}}<\/style><\/div><\/div><\/div><\/div><div class=\"tatsu-section-background-wrap\"><div class = \"tatsu-section-background\" ><\/div><\/div><div class=\"tatsu-overlay tatsu-section-overlay\"><\/div><\/div><style>.tatsu-Byvnw7UrR .tatsu-section-background{background-image: url(https:\/\/imusici.com\/wp-content\/uploads\/2024\/06\/I-Musici_Rysanov.jpg);background-repeat: no-repeat;background-attachment: scroll;background-position: center center;background-size: cover;}.tatsu-Byvnw7UrR .tatsu-bg-blur{background-repeat: no-repeat;background-attachment: scroll;background-position: center center;background-size: cover;}.tatsu-Byvnw7UrR .tatsu-section-pad{padding: 90px 0px 0px 0px;}.tatsu-Byvnw7UrR .tatsu-section-offset-wrap{transform: translateY(-0px);}.tatsu-Byvnw7UrR > .tatsu-bottom-divider{z-index: 9999;}.tatsu-Byvnw7UrR > .tatsu-top-divider{z-index: 9999;}.tatsu-Byvnw7UrR .tatsu-section-overlay{mix-blend-mode: normal;}.tatsu-Byvnw7UrR .tatsu-custom-height-wrap{align-items: flex-end;min-height: 85vh;}<\/style><\/div><div  class=\"tatsu-rJbASrsJNK tatsu-section  tatsu-bg-overlay   tatsu-clearfix\" data-title=\"\"  data-headerscheme=\"background--dark\"><div class='tatsu-section-pad clearfix' data-padding='{\"d\":\"45px 0px 90px 0px\"}' data-padding-top='45px'><div class=\"tatsu-row-wrap  tatsu-wrap tatsu-row-has-two-cols tatsu-medium-gutter tatsu-reg-cols  tatsu-clearfix tatsu-SyxCSrik4Y\" ><div  class=\"tatsu-row \" ><div  class=\"tatsu-column  tatsu-bg-overlay tatsu-one-third tatsu-column-image-none tatsu-column-effect-none  tatsu-SyxcHi14Y\"  data-parallax-speed=\"0\" style=\"\"><div class=\"tatsu-column-inner \" ><div class=\"tatsu-column-pad-wrap\"><div class=\"tatsu-column-pad\" ><div  class=\"tatsu-single-image tatsu-module tatsu-SJqsroyEF  \" ><div class=\"tatsu-single-image-inner \" style=\"width : 2000px;\" ><div class = \"tatsu-single-image-padding-wrap\" style = \"padding-bottom : 100%;\" ><\/div><img class = \"tatsu-gradient-border\" alt = \"\" title = \"JF\" src = \"https:\/\/imusici.com\/wp-content\/uploads\/2023\/04\/JF.jpg\" \/><\/div><style>.tatsu-SJqsroyEF{margin: 8px 0px 15px 0px;}.tatsu-SJqsroyEF .tatsu-single-image-inner{border-style: solid;max-width: 100%;}.tatsu-SJqsroyEF.tatsu-single-image{transform: translate3d(0px,0px, 0);}<\/style><\/div><div  class=\"tatsu-module tatsu-text-block-wrap tatsu-rywAvi1Nt  \"><div class=\"tatsu-text-inner tatsu-align-center  clearfix\" ><style>.tatsu-rywAvi1Nt.tatsu-text-block-wrap .tatsu-text-inner{width: 100%;text-align: right;}.tatsu-rywAvi1Nt.tatsu-text-block-wrap .tatsu-text-inner *{font-size : 13px;}<\/style>\n<p>Jean-Fran\u00e7ois Rivest | Photo: Julia Marois<\/p>\n<\/div><\/div><div  class=\"oshine-module  content-slide-wrap tatsu-BJGcofbSHA  \" ><div class=\" content-slider clearfix\"><ul class=\"clearfix slides content_slider_module clearfix\" data-slide-show=\"0\" data-slide-show-speed=\"4000\" data-slide-animation-type=\"slide\"><li class=\"content_slide slide clearfix\"><div class=\"content_slide_inner\" style=\"width: 100%\"><div class=\"content-slide-content\"><p><em>In perfect control of the whole orchestra, Rivest led the OSM (Orchestre Symphonique de Montreal) to the most unbearable limits of silence and immobility (Mahler, 9th Symphony).\u00a0Suddenly, people were frozen, as if they had ceased to exist\u2026\u00a0 an incredible atmosphere that Rivest had established everywhere in the hall only with the power of his concentration and a few gestures\u2026<\/em><\/p>\n<h6>Claude Gingras, La Presse, Montreal<\/h6>\n<\/div><\/div><\/li><\/ul><\/div><\/div><\/div><\/div><div class = \"tatsu-column-bg-image-wrap\"><div class = \"tatsu-column-bg-image\" ><\/div><\/div><div class=\"tatsu-overlay tatsu-column-overlay tatsu-animate-none\" ><\/div><\/div><style>.tatsu-row > .tatsu-SyxcHi14Y.tatsu-column{width: 33.33%;}.tatsu-SyxcHi14Y.tatsu-column > .tatsu-column-inner > .tatsu-column-overlay{mix-blend-mode: normal;}.tatsu-SyxcHi14Y > .tatsu-column-inner > .tatsu-top-divider{z-index: 9999;}.tatsu-SyxcHi14Y > .tatsu-column-inner > .tatsu-bottom-divider{z-index: 9999;}.tatsu-SyxcHi14Y > .tatsu-column-inner > .tatsu-left-divider{z-index: 9999;}.tatsu-SyxcHi14Y > .tatsu-column-inner > .tatsu-right-divider{z-index: 9999;}@media only screen and (max-width:1377px) {.tatsu-row > .tatsu-SyxcHi14Y.tatsu-column{width: 33.33%;}}@media only screen and (min-width:768px) and (max-width: 1024px) {.tatsu-row > .tatsu-SyxcHi14Y.tatsu-column{width: 33.33%;}}@media only screen and (max-width: 767px) {.tatsu-row > .tatsu-SyxcHi14Y.tatsu-column{width: 100%;}}<\/style><\/div><div  class=\"tatsu-column  tatsu-bg-overlay tatsu-two-third tatsu-column-image-none tatsu-column-effect-none  tatsu-rJex9ri1EF\"  data-parallax-speed=\"0\" style=\"\"><div class=\"tatsu-column-inner \" ><div class=\"tatsu-column-pad-wrap\"><div class=\"tatsu-column-pad\" ><div  class=\"tatsu-module tatsu-text-block-wrap tatsu-B1pnHiyEF  \"><div class=\"tatsu-text-inner tatsu-align-center  clearfix\" ><style>.tatsu-B1pnHiyEF.tatsu-text-block-wrap .tatsu-text-inner{width: 100%;text-align: left;}<\/style>\n<h4>Artistic advisor and conductor<\/h4>\n<\/div><\/div><div  class=\"tatsu-module tatsu-text-block-wrap tatsu-Bk4-UjJNF  \"><div class=\"tatsu-text-inner tatsu-align-center  clearfix\" ><style>.tatsu-Bk4-UjJNF.tatsu-text-block-wrap .tatsu-text-inner{width: 100%;text-align: left;}<\/style>\n<p>Qu\u00e9bec conductor Jean-Fran\u00e7ois Rivest is renowned for his energy, his extremely precise technique, his style, which is passionate, moving and deeply involved, and his great communication skills.<span class=\"Apple-converted-space\">\u00a0 <\/span>His discography serves as proof to the ease with which he masters a large variety of musical genres ranging from the baroque era up to today.<\/p>\n<p>Regularly invited by orchestras in Montreal, in Canada and around the world (USA, Mexico, Peru, France, Switzerland, Spain, Russia, and South Korea), he has been Artistic Director of the Orchestre Symphonique de Laval, (10 years) and of Ottawa&#8217;s <i>Thirteen Strings Ensemble<\/i>, (5 years)<i>, <\/i>as well as Conductor in Residence of the Orchestre Symphonique de Montr\u00e9al (OSM) where his tenure has been particularly significant.<span class=\"Apple-converted-space\">\u00a0 <\/span>In the last months of 2021, while the Pandemic was widespread, he conducted at the Op\u00e9ra de Lausanne and Op\u00e9ra de Fribourg, in Switzerland, followed by 8 concerts with the Orchestre Symphonique du Pays Basque, in France. <span class=\"Apple-converted-space\">\u00a0<\/span><\/p>\n<p>Nominated as Principal Guest Conductor at first, in 2021, he was just recently appointed Artistic Director of the prestigious chamber orchestra I Musici de Montr\u00e9al.<span class=\"Apple-converted-space\">\u00a0 <\/span>As Christophe Huss said in Le Devoir, it is \u2018<i>a logical nomination because since his arrival, the symbiosis has been great between the conductor and the musicians\u2019.<\/i><\/p>\n<p>Jean-Fran\u00e7ois Rivest firmly believes that the next generation of musicians must rely on performers that are also active as pedagogues. He has worked for several institutions and has been teaching violin, orchestral conducting as well as a variety of advanced performance classes at Universit\u00e9 de Montr\u00e9al since 1992. He is the founder, Artistic Director and principal conductor of the Orchestre de l&#8217;Universit\u00e9 de Montr\u00e9al (OUM).<\/p>\n<p>From 2009 to 2015, he has been Artistic Director of the Orford Arts Centre, (now Orford Music), nearby Montr\u00e9al where he presided over the destiny of Orford\u2019s prestigious International Academy and Festival.<span class=\"Apple-converted-space\">\u00a0 <\/span>His period at the head of the Arts Center is unanimously seen as a time of tremendous artistic renewal and growth.<span class=\"Apple-converted-space\">\u00a0 <\/span>In the 2012 Opus Prizes Awards ceremony, he was given the Opus Prize for the Artistic Director of the year (2011).<\/p>\n<p>Mr. Rivest, who trained at the Conservatoire de Montr\u00e9al and at the Juilliard School in New York, quickly established himself as one of the foremost Quebec violinists of his generation. His main teachers were Sonia Jelinkova, Ivan Galamian and Dorothy DeLay.<span class=\"Apple-converted-space\">\u00a0<\/span><\/p>\n<p>Being the father of four children, family is at the center of his life. He is passionate about nature and outdoor activities, such as scuba diving, kayak, climbing, trekking and photography. He has even participated in several expeditions of a challenging level. He holds a Private Pilot License and flies his good old Cessna regularly. Jean-Fran\u00e7ois Rivest believes that the many facets of nature are a vital source of artistic inspiration!<\/p>\n<\/div><\/div><\/div><\/div><div class = \"tatsu-column-bg-image-wrap\"><div class = \"tatsu-column-bg-image\" ><\/div><\/div><div class=\"tatsu-overlay tatsu-column-overlay tatsu-animate-none\" ><\/div><\/div><style>.tatsu-row > .tatsu-rJex9ri1EF.tatsu-column{width: 66.67%;}.tatsu-rJex9ri1EF.tatsu-column > .tatsu-column-inner > .tatsu-column-overlay{mix-blend-mode: normal;}.tatsu-rJex9ri1EF > .tatsu-column-inner > .tatsu-top-divider{z-index: 9999;}.tatsu-rJex9ri1EF > .tatsu-column-inner > .tatsu-bottom-divider{z-index: 9999;}.tatsu-rJex9ri1EF > .tatsu-column-inner > .tatsu-left-divider{z-index: 9999;}.tatsu-rJex9ri1EF > .tatsu-column-inner > .tatsu-right-divider{z-index: 9999;}@media only screen and (max-width:1377px) {.tatsu-row > .tatsu-rJex9ri1EF.tatsu-column{width: 66.67%;}}@media only screen and (min-width:768px) and (max-width: 1024px) {.tatsu-row > .tatsu-rJex9ri1EF.tatsu-column{width: 66.67%;}}@media only screen and (max-width: 767px) {.tatsu-row > .tatsu-rJex9ri1EF.tatsu-column{width: 100%;}}<\/style><\/div><\/div><\/div><\/div><div class=\"tatsu-section-background-wrap\"><div class = \"tatsu-section-background\" ><\/div><\/div><div class=\"tatsu-overlay tatsu-section-overlay\"><\/div><style>.tatsu-rJbASrsJNK .tatsu-section-pad{padding: 45px 0px 90px 0px;}.tatsu-rJbASrsJNK .tatsu-section-offset-wrap{transform: translateY(-0px);}.tatsu-rJbASrsJNK > .tatsu-bottom-divider{z-index: 9999;}.tatsu-rJbASrsJNK > .tatsu-top-divider{z-index: 9999;}.tatsu-rJbASrsJNK .tatsu-section-overlay{mix-blend-mode: normal;}<\/style><\/div>\n","protected":false},"excerpt":{"rendered":"<p><a href=\"https:\/\/imusici.com\/en\/jean-francois-rivest\/\" class=\"more-link style1-button\">Read More<\/a><\/p>","protected":false},"author":2,"featured_media":6028,"parent":0,"menu_order":2,"comment_status":"closed","ping_status":"closed","template":"","meta":{"footnotes":""},"class_list":["post-813","page","type-page","status-publish","has-post-thumbnail","hentry"],"yoast_head":"<!-- This site is optimized with the Yoast SEO plugin v27.1.1 - https:\/\/yoast.com\/product\/yoast-seo-wordpress\/ -->\n<title>Jean-Fran\u00e7ois Rivest - I Musici de Montr\u00e9al<\/title>\n<meta name=\"description\" content=\"Qu\u00e9bec conductor Jean-Fran\u00e7ois Rivest is renowned for his energy, his extremely precise technique, his style, which is passionate, moving and deeply involved, and his great communication skills.\" \/>\n<meta name=\"robots\" content=\"index, follow, max-snippet:-1, max-image-preview:large, max-video-preview:-1\" \/>\n<link rel=\"canonical\" href=\"https:\/\/imusici.com\/jean-francois-rivest\/\" \/>\n<meta property=\"og:locale\" content=\"en_US\" \/>\n<meta property=\"og:type\" content=\"article\" \/>\n<meta property=\"og:title\" content=\"Jean-Fran\u00e7ois Rivest - I Musici de Montr\u00e9al\" \/>\n<meta property=\"og:description\" content=\"Qu\u00e9bec conductor Jean-Fran\u00e7ois Rivest is renowned for his energy, his extremely precise technique, his style, which is passionate, moving and deeply involved, and his great communication skills.\" \/>\n<meta property=\"og:url\" content=\"https:\/\/imusici.com\/jean-francois-rivest\/\" \/>\n<meta property=\"og:site_name\" content=\"I Musici de Montr\u00e9al\" \/>\n<meta property=\"article:publisher\" content=\"https:\/\/www.facebook.com\/IMusicideMontreal\/\" \/>\n<meta property=\"article:modified_time\" content=\"2024-06-17T19:00:46+00:00\" \/>\n<meta property=\"og:image\" content=\"https:\/\/imusici.com\/wp-content\/uploads\/2024\/06\/jean-francois-rivest-i-musici.jpg\" \/>\n\t<meta property=\"og:image:width\" content=\"2000\" \/>\n\t<meta property=\"og:image:height\" content=\"1500\" \/>\n\t<meta property=\"og:image:type\" content=\"image\/jpeg\" \/>\n<meta name=\"twitter:card\" content=\"summary_large_image\" \/>\n<meta name=\"twitter:label1\" content=\"Est. reading time\" \/>\n\t<meta name=\"twitter:data1\" content=\"10 minutes\" \/>\n<script type=\"application\/ld+json\" class=\"yoast-schema-graph\">{\"@context\":\"https:\/\/schema.org\",\"@graph\":[{\"@type\":\"WebPage\",\"@id\":\"https:\/\/imusici.com\/jean-francois-rivest\/\",\"url\":\"https:\/\/imusici.com\/jean-francois-rivest\/\",\"name\":\"Jean-Fran\u00e7ois Rivest - I Musici de Montr\u00e9al\",\"isPartOf\":{\"@id\":\"https:\/\/imusici.com\/#website\"},\"primaryImageOfPage\":{\"@id\":\"https:\/\/imusici.com\/jean-francois-rivest\/#primaryimage\"},\"image\":{\"@id\":\"https:\/\/imusici.com\/jean-francois-rivest\/#primaryimage\"},\"thumbnailUrl\":\"https:\/\/imusici.com\/wp-content\/uploads\/2024\/06\/jean-francois-rivest-i-musici.jpg\",\"datePublished\":\"2021-09-27T20:10:40+00:00\",\"dateModified\":\"2024-06-17T19:00:46+00:00\",\"description\":\"Qu\u00e9bec conductor Jean-Fran\u00e7ois Rivest is renowned for his energy, his extremely precise technique, his style, which is passionate, moving and deeply involved, and his great communication skills.\",\"breadcrumb\":{\"@id\":\"https:\/\/imusici.com\/jean-francois-rivest\/#breadcrumb\"},\"inLanguage\":\"en-US\",\"potentialAction\":[{\"@type\":\"ReadAction\",\"target\":[\"https:\/\/imusici.com\/jean-francois-rivest\/\"]}]},{\"@type\":\"ImageObject\",\"inLanguage\":\"en-US\",\"@id\":\"https:\/\/imusici.com\/jean-francois-rivest\/#primaryimage\",\"url\":\"https:\/\/imusici.com\/wp-content\/uploads\/2024\/06\/jean-francois-rivest-i-musici.jpg\",\"contentUrl\":\"https:\/\/imusici.com\/wp-content\/uploads\/2024\/06\/jean-francois-rivest-i-musici.jpg\",\"width\":2000,\"height\":1500},{\"@type\":\"BreadcrumbList\",\"@id\":\"https:\/\/imusici.com\/jean-francois-rivest\/#breadcrumb\",\"itemListElement\":[{\"@type\":\"ListItem\",\"position\":1,\"name\":\"Accueil\",\"item\":\"https:\/\/imusici.com\/en\/\"},{\"@type\":\"ListItem\",\"position\":2,\"name\":\"Jean-Fran\u00e7ois Rivest\"}]},{\"@type\":\"WebSite\",\"@id\":\"https:\/\/imusici.com\/#website\",\"url\":\"https:\/\/imusici.com\/\",\"name\":\"I Musici de Montr\u00e9al\",\"description\":\"Orchestre de chambre\",\"publisher\":{\"@id\":\"https:\/\/imusici.com\/#organization\"},\"potentialAction\":[{\"@type\":\"SearchAction\",\"target\":{\"@type\":\"EntryPoint\",\"urlTemplate\":\"https:\/\/imusici.com\/?s={search_term_string}\"},\"query-input\":{\"@type\":\"PropertyValueSpecification\",\"valueRequired\":true,\"valueName\":\"search_term_string\"}}],\"inLanguage\":\"en-US\"},{\"@type\":\"Organization\",\"@id\":\"https:\/\/imusici.com\/#organization\",\"name\":\"I Musici de Montr\u00e9al\",\"url\":\"https:\/\/imusici.com\/\",\"logo\":{\"@type\":\"ImageObject\",\"inLanguage\":\"en-US\",\"@id\":\"https:\/\/imusici.com\/#\/schema\/logo\/image\/\",\"url\":\"https:\/\/imusici.com\/wp-content\/uploads\/2021\/09\/imusici_logo_200px.svg\",\"contentUrl\":\"https:\/\/imusici.com\/wp-content\/uploads\/2021\/09\/imusici_logo_200px.svg\",\"width\":1024,\"height\":1024,\"caption\":\"I Musici de Montr\u00e9al\"},\"image\":{\"@id\":\"https:\/\/imusici.com\/#\/schema\/logo\/image\/\"},\"sameAs\":[\"https:\/\/www.facebook.com\/IMusicideMontreal\/\",\"https:\/\/www.instagram.com\/orchestreimusicidemtl\/\",\"https:\/\/www.linkedin.com\/company\/imusicidemontreal\/\",\"https:\/\/www.youtube.com\/channel\/UCM60P8yyHKCvmUUKthzbJQg\",\"https:\/\/fr.wikipedia.org\/wiki\/I_Musici_de_Montr\u00e9al\"]}]}<\/script>\n<!-- \/ Yoast SEO plugin. -->","yoast_head_json":{"title":"Jean-Fran\u00e7ois Rivest - I Musici de Montr\u00e9al","description":"Qu\u00e9bec conductor Jean-Fran\u00e7ois Rivest is renowned for his energy, his extremely precise technique, his style, which is passionate, moving and deeply involved, and his great communication skills.","robots":{"index":"index","follow":"follow","max-snippet":"max-snippet:-1","max-image-preview":"max-image-preview:large","max-video-preview":"max-video-preview:-1"},"canonical":"https:\/\/imusici.com\/jean-francois-rivest\/","og_locale":"en_US","og_type":"article","og_title":"Jean-Fran\u00e7ois Rivest - I Musici de Montr\u00e9al","og_description":"Qu\u00e9bec conductor Jean-Fran\u00e7ois Rivest is renowned for his energy, his extremely precise technique, his style, which is passionate, moving and deeply involved, and his great communication skills.","og_url":"https:\/\/imusici.com\/jean-francois-rivest\/","og_site_name":"I Musici de Montr\u00e9al","article_publisher":"https:\/\/www.facebook.com\/IMusicideMontreal\/","article_modified_time":"2024-06-17T19:00:46+00:00","og_image":[{"width":2000,"height":1500,"url":"https:\/\/imusici.com\/wp-content\/uploads\/2024\/06\/jean-francois-rivest-i-musici.jpg","type":"image\/jpeg"}],"twitter_card":"summary_large_image","twitter_misc":{"Est. reading time":"10 minutes"},"schema":{"@context":"https:\/\/schema.org","@graph":[{"@type":"WebPage","@id":"https:\/\/imusici.com\/jean-francois-rivest\/","url":"https:\/\/imusici.com\/jean-francois-rivest\/","name":"Jean-Fran\u00e7ois Rivest - I Musici de Montr\u00e9al","isPartOf":{"@id":"https:\/\/imusici.com\/#website"},"primaryImageOfPage":{"@id":"https:\/\/imusici.com\/jean-francois-rivest\/#primaryimage"},"image":{"@id":"https:\/\/imusici.com\/jean-francois-rivest\/#primaryimage"},"thumbnailUrl":"https:\/\/imusici.com\/wp-content\/uploads\/2024\/06\/jean-francois-rivest-i-musici.jpg","datePublished":"2021-09-27T20:10:40+00:00","dateModified":"2024-06-17T19:00:46+00:00","description":"Qu\u00e9bec conductor Jean-Fran\u00e7ois Rivest is renowned for his energy, his extremely precise technique, his style, which is passionate, moving and deeply involved, and his great communication skills.","breadcrumb":{"@id":"https:\/\/imusici.com\/jean-francois-rivest\/#breadcrumb"},"inLanguage":"en-US","potentialAction":[{"@type":"ReadAction","target":["https:\/\/imusici.com\/jean-francois-rivest\/"]}]},{"@type":"ImageObject","inLanguage":"en-US","@id":"https:\/\/imusici.com\/jean-francois-rivest\/#primaryimage","url":"https:\/\/imusici.com\/wp-content\/uploads\/2024\/06\/jean-francois-rivest-i-musici.jpg","contentUrl":"https:\/\/imusici.com\/wp-content\/uploads\/2024\/06\/jean-francois-rivest-i-musici.jpg","width":2000,"height":1500},{"@type":"BreadcrumbList","@id":"https:\/\/imusici.com\/jean-francois-rivest\/#breadcrumb","itemListElement":[{"@type":"ListItem","position":1,"name":"Accueil","item":"https:\/\/imusici.com\/en\/"},{"@type":"ListItem","position":2,"name":"Jean-Fran\u00e7ois Rivest"}]},{"@type":"WebSite","@id":"https:\/\/imusici.com\/#website","url":"https:\/\/imusici.com\/","name":"I Musici de Montr\u00e9al","description":"Orchestre de chambre","publisher":{"@id":"https:\/\/imusici.com\/#organization"},"potentialAction":[{"@type":"SearchAction","target":{"@type":"EntryPoint","urlTemplate":"https:\/\/imusici.com\/?s={search_term_string}"},"query-input":{"@type":"PropertyValueSpecification","valueRequired":true,"valueName":"search_term_string"}}],"inLanguage":"en-US"},{"@type":"Organization","@id":"https:\/\/imusici.com\/#organization","name":"I Musici de Montr\u00e9al","url":"https:\/\/imusici.com\/","logo":{"@type":"ImageObject","inLanguage":"en-US","@id":"https:\/\/imusici.com\/#\/schema\/logo\/image\/","url":"https:\/\/imusici.com\/wp-content\/uploads\/2021\/09\/imusici_logo_200px.svg","contentUrl":"https:\/\/imusici.com\/wp-content\/uploads\/2021\/09\/imusici_logo_200px.svg","width":1024,"height":1024,"caption":"I Musici de Montr\u00e9al"},"image":{"@id":"https:\/\/imusici.com\/#\/schema\/logo\/image\/"},"sameAs":["https:\/\/www.facebook.com\/IMusicideMontreal\/","https:\/\/www.instagram.com\/orchestreimusicidemtl\/","https:\/\/www.linkedin.com\/company\/imusicidemontreal\/","https:\/\/www.youtube.com\/channel\/UCM60P8yyHKCvmUUKthzbJQg","https:\/\/fr.wikipedia.org\/wiki\/I_Musici_de_Montr\u00e9al"]}]}},"_links":{"self":[{"href":"https:\/\/imusici.com\/en\/wp-json\/wp\/v2\/pages\/813","targetHints":{"allow":["GET"]}}],"collection":[{"href":"https:\/\/imusici.com\/en\/wp-json\/wp\/v2\/pages"}],"about":[{"href":"https:\/\/imusici.com\/en\/wp-json\/wp\/v2\/types\/page"}],"author":[{"embeddable":true,"href":"https:\/\/imusici.com\/en\/wp-json\/wp\/v2\/users\/2"}],"replies":[{"embeddable":true,"href":"https:\/\/imusici.com\/en\/wp-json\/wp\/v2\/comments?post=813"}],"version-history":[{"count":19,"href":"https:\/\/imusici.com\/en\/wp-json\/wp\/v2\/pages\/813\/revisions"}],"predecessor-version":[{"id":6471,"href":"https:\/\/imusici.com\/en\/wp-json\/wp\/v2\/pages\/813\/revisions\/6471"}],"wp:featuredmedia":[{"embeddable":true,"href":"https:\/\/imusici.com\/en\/wp-json\/wp\/v2\/media\/6028"}],"wp:attachment":[{"href":"https:\/\/imusici.com\/en\/wp-json\/wp\/v2\/media?parent=813"}],"curies":[{"name":"wp","href":"https:\/\/api.w.org\/{rel}","templated":true}]}}